{"id":20,"date":"2011-07-08T16:47:38","date_gmt":"2011-07-08T16:47:38","guid":{"rendered":"http:\/\/psychologuesclichy92.wordpress.com\/?page_id=20"},"modified":"2025-07-06T09:53:57","modified_gmt":"2025-07-06T07:53:57","slug":"consultations-bilans-le-lieu-le-deroulement-les-tarifs","status":"publish","type":"page","link":"https:\/\/psychologue-pays-auray.bzh\/?page_id=20","title":{"rendered":"Consultations &#8211; Cadre de la th\u00e9rapie"},"content":{"rendered":"<p><span style=\"color: #000000;\"><strong>Premier entretien<\/strong><\/span><\/p>\n<p><span style=\"color: #000000;\">Le premier entretien durera \u00e0 peu pr\u00e8s une heure afin d&#8217;aborder ensemble votre demande d&#8217;\u00e9coute psycho-th\u00e9rapeutique. A l&#8217;issu de ce premier entretien, nous d\u00e9ciderons de la suite \u00e0 donner : d\u00e9marrer des entretiens de soutien, enclencher une d\u00e9marche plus approfondie ou une orientation vers d\u2019autres professionnel.le.s de la sant\u00e9&#8230;<\/span><\/p>\n<ul>\n<li><span style=\"color: #000000;\">Les s\u00e9ances\u00a0 durent\u00a0 environs 50 minutes.<\/span><\/li>\n<li><span style=\"color: #000000;\"> La fr\u00e9quence des s\u00e9ances est d\u00e9termin\u00e9e de mani\u00e8re concert\u00e9e mais g\u00e9n\u00e9ralement le rythme de la th\u00e9rapie est toutes les semaines le premier mois puis tous les 15 jours.<\/span><\/li>\n<\/ul>\n<ul>\n<li>\n<h2><span style=\"color: #800080;\"><strong>Mes tarifs sont adaptables aux conditions de chacun.e, en partant sur une base de : <\/strong><\/span><strong style=\"color: #800080;\">80 euros\u00a0<\/strong><\/h2>\n<\/li>\n<\/ul>\n<p class=\"\" data-start=\"64\" data-end=\"257\"><strong><span style=\"color: #ff00ff;\"><span style=\"color: #000000;\">L&#8217;engagement th\u00e9rapeutique :<\/span><\/span><\/strong><\/p>\n<p class=\"\" data-start=\"64\" data-end=\"257\"><span style=\"color: #000000;\">La d\u00e9marche th\u00e9rapeutique repose sur un engagement mutuel. Elle n\u00e9cessite de la r\u00e9gularit\u00e9, de l\u2019implication et une participation active de la part du patient. <strong>Il ne s\u2019agit pas d\u2019un engagement neutre<\/strong> : le travail th\u00e9rapeutique peut parfois venir bousculer, faire \u00e9merger des \u00e9motions ou des questionnements. <\/span><span style=\"color: #000000; font-size: inherit;\">Accepter ce processus, c\u2019est aussi accueillir le changement, condition essentielle \u00e0 toute \u00e9volution personnelle.<\/span><\/p>\n<p class=\"\" data-start=\"64\" data-end=\"257\"><span style=\"color: #800080;\"><strong><span style=\"font-size: inherit;\">Dans cette dynamique, et pour le bon fonctionnement du cabinet, je vous remercie de bien vouloir annuler ou reporter votre rendez-vous au moins 48 heures \u00e0 l\u2019avance. Pass\u00e9 ce d\u00e9lai, la s\u00e9ance sera consid\u00e9r\u00e9e comme due.<\/span><\/strong><\/span><\/p>\n<div><span style=\"color: #000000;\"><strong>Certaines mutuelles prennent en charge une partie des s\u00e9ances, il faut se renseigner aupr\u00e8s de votre conseiller.<\/strong><\/span><\/div>\n<p><span style=\"color: #000000;\"><strong>Les assurances<\/strong> peuvent prendre en charges les th\u00e9rapies dans le cadre d&#8217;une agression ou d&#8217;un accident <strong>il faut se renseigner aupr\u00e8s de votre conseiller.<\/strong><\/span><\/p>\n<p>\u00a0<\/p>\n<p><strong>Les consultation de l&#8217;assurance maladie le parcours MONPSY<\/strong><\/p>\n<ul>\n<li class=\"gmail_default\">\n<div><span style=\"color: #000000;\">Les honoraires des consultations psychologiques peuvent d\u00e9sormais \u00eatre prise en charge\u00a0 par la<strong> caisse d&#8217;assurance maladie sous certaines conditions.<\/strong><\/span><\/div>\n<\/li>\n<\/ul>\n<p>Le dispositif Mon soutien psy s\u2019adresse aux adultes de tout \u00e2ge en souffrance psychique, dont la sant\u00e9 mentale est alt\u00e9r\u00e9e notamment par :<\/p>\n<ul>\n<li style=\"list-style-type: none;\">\n<ul>\n<li>un trouble anxieux d\u2019intensit\u00e9 l\u00e9g\u00e8re \u00e0 mod\u00e9r\u00e9e ;<\/li>\n<li>un trouble d\u00e9pressif d\u2019intensit\u00e9 l\u00e9g\u00e8re \u00e0 mod\u00e9r\u00e9e\u00a0;<\/li>\n<li>un m\u00e9susage de tabac, d\u2019alcool et\/ou de cannabis (hors d\u00e9pendance)\u00a0;<\/li>\n<li>un trouble du comportement alimentaire sans crit\u00e8res de gravit\u00e9.<\/li>\n<\/ul>\n<\/li>\n<\/ul>\n<p>Il y a un premier entretien d&#8217;\u00e9valuation puis jusqu&#8217;a <span style=\"color: #000000;\"><strong>11 s\u00e9ances de 40 minutes par ans. <\/strong><\/span><\/p>\n<div style=\"text-align: center;\"><span style=\"color: #000000;\"><strong>Merci de venir avec un ch\u00e8que \u00e0 la premi\u00e8re s\u00e9ance<\/strong><\/span><\/div>\n<div>\u00a0<\/div>\n<div>Je pratique le tiers payant uniquement pour les personnes \u00e0 la CMU<\/div>\n<div>\u00a0<\/div>\n<div>\n<p class=\"\" data-start=\"100\" data-end=\"550\"><strong data-start=\"100\" data-end=\"128\">Engagement th\u00e9rapeutique Monpsy<\/strong><br data-start=\"128\" data-end=\"131\" \/>Les personnes b\u00e9n\u00e9ficiant du dispositif MonPsy sont \u00e9galement invit\u00e9es \u00e0 s\u2019inscrire pleinement dans ce cadre d&#8217;engagement. Le fait que les s\u00e9ances soient\u00a0 prises en charge ne change en rien la nature ni l\u2019importance de l\u2019engagement demand\u00e9 dans le travail th\u00e9rapeutique.<\/p>\n<p class=\"\" data-start=\"824\" data-end=\"1017\">Pour le bon fonctionnement du cabinet, je vous remercie de bien vouloir annuler ou reporter votre rendez-vous au moins 48 heures \u00e0 l\u2019avance. Pass\u00e9 ce d\u00e9lai, la s\u00e9ance sera consid\u00e9r\u00e9e comme due<strong> et pas prise en charge par le dispositif.\u00a0<\/strong><\/p>\n<\/div>\n<div>\u00a0<\/div>\n<div>\u00a0<\/div>\n<p>\u00a0<\/p>\n\n\n<p><\/p>\n","protected":false},"excerpt":{"rendered":"<p>Premier entretien Le premier entretien durera \u00e0 peu pr\u00e8s une heure afin d&#8217;aborder ensemble votre demande d&#8217;\u00e9coute psycho-th\u00e9rapeutique. A l&#8217;issu de ce premier entretien, nous d\u00e9ciderons de la suite \u00e0 donner : d\u00e9marrer des entretiens de soutien, enclencher une d\u00e9marche &hellip; <a href=\"https:\/\/psychologue-pays-auray.bzh\/?page_id=20\">Continue reading <span class=\"meta-nav\">&rarr;<\/span><\/a><\/p>\n","protected":false},"author":1,"featured_media":0,"parent":0,"menu_order":3,"comment_status":"closed","ping_status":"closed","template":"","meta":[],"_links":{"self":[{"href":"https:\/\/psychologue-pays-auray.bzh\/index.php?rest_route=\/wp\/v2\/pages\/20"}],"collection":[{"href":"https:\/\/psychologue-pays-auray.bzh\/index.php?rest_route=\/wp\/v2\/pages"}],"about":[{"href":"https:\/\/psychologue-pays-auray.bzh\/index.php?rest_route=\/wp\/v2\/types\/page"}],"author":[{"embeddable":true,"href":"https:\/\/psychologue-pays-auray.bzh\/index.php?rest_route=\/wp\/v2\/users\/1"}],"replies":[{"embeddable":true,"href":"https:\/\/psychologue-pays-auray.bzh\/index.php?rest_route=%2Fwp%2Fv2%2Fcomments&post=20"}],"version-history":[{"count":14,"href":"https:\/\/psychologue-pays-auray.bzh\/index.php?rest_route=\/wp\/v2\/pages\/20\/revisions"}],"predecessor-version":[{"id":905,"href":"https:\/\/psychologue-pays-auray.bzh\/index.php?rest_route=\/wp\/v2\/pages\/20\/revisions\/905"}],"wp:attachment":[{"href":"https:\/\/psychologue-pays-auray.bzh\/index.php?rest_route=%2Fwp%2Fv2%2Fmedia&parent=20"}],"curies":[{"name":"wp","href":"https:\/\/api.w.org\/{rel}","templated":true}]}}