{"id":21,"date":"2011-07-08T16:46:46","date_gmt":"2011-07-08T16:46:46","guid":{"rendered":"http:\/\/psychologuesclichy92.wordpress.com\/?page_id=21"},"modified":"2025-05-08T08:16:29","modified_gmt":"2025-05-08T06:16:29","slug":"ethique-et-deontologie","status":"publish","type":"page","link":"https:\/\/psychologue-pays-auray.bzh\/?page_id=21","title":{"rendered":"Ethique et d\u00e9ontologie"},"content":{"rendered":"<h2><span style=\"color: #000000;\"><strong>Mes valeurs\u00a0<\/strong><\/span><\/h2>\n<h2><\/h2>\n<ul>\n<li style=\"text-align: justify;\"><span style=\"color: #000000;\"><strong>Le respect<\/strong><\/span><\/li>\n<li style=\"text-align: justify;\"><span style=\"color: #000000;\"><strong>La comp\u00e9tence<br \/>\n<\/strong><\/span><\/li>\n<li style=\"text-align: justify;\"><span style=\"color: #000000;\"><strong>La responsabilit\u00e9<\/strong><\/span><\/li>\n<li style=\"text-align: justify;\"><span style=\"color: #000000;\"><strong>La probit\u00e9<\/strong><\/span><\/li>\n<li style=\"text-align: justify;\"><strong>La\u00a0<\/strong><span style=\"color: #000000;\"><b>confidentialit\u00e9<\/b><\/span><\/li>\n<li style=\"text-align: justify;\">Je me positionne comme une psy safe, inclusive,\u00a0accueillant toutes les diff\u00e9rences. J&#8217;ai conscience des discriminations sociales qui existent, je les prends en compte, et cherche \u00e0 les exclure de mes pratiques.<\/li>\n<\/ul>\n<ul style=\"text-align: justify;\">\n<li><span style=\"color: #000000;\"><strong>Codes de d\u00e9ontologie<\/strong>\u00a0: Je me r\u00e9f\u00e9re au code\u00a0de\u00a0d\u00e9ontologie\u00a0des\u00a0psychologues co-sign\u00e9 par L&#8217;AEPU, L&#8217;ANOP et la SFP le 22\u00a0mars\u00a01996.<\/span><\/li>\n<li><span style=\"color: #000000;\">Aux codes de d\u00e9ontologie de l&#8217;IFAT<\/span><\/li>\n<\/ul>\n<ul style=\"text-align: justify;\">\n<li><span style=\"color: #000000;\"><strong>A<\/strong><strong>ffiliations <\/strong><strong>:<\/strong> je suis membre de L\u2019IFAT, de la FF2P, de l\u2019AEPP, de l&#8217;AFTD.<\/span><\/li>\n<\/ul>\n<ul style=\"color: #444444;\">\n<li><span style=\"color: #000000;\"><strong>Activit\u00e9 de recherche<\/strong>\u00a0: Dans un souci d\u2019\u00eatre toujours plus comp\u00e9tente, je suis engag\u00e9e dans un processus de formation professionnelle continue, de supervision et de recherche.<\/span><\/li>\n<\/ul>\n<ul style=\"color: #444444;\">\n<li><span class=\"Apple-style-span\" style=\"color: #000000;\"><strong>N\u00b0 RPPS Elise Blanc\u00a0 10008483660<\/strong><\/span><\/li>\n<\/ul>\n<h3 style=\"text-align: center;\"><\/h3>\n","protected":false},"excerpt":{"rendered":"<p>Mes valeurs\u00a0 Le respect La comp\u00e9tence La responsabilit\u00e9 La probit\u00e9 La\u00a0confidentialit\u00e9 Je me positionne comme une psy safe, inclusive,\u00a0accueillant toutes les diff\u00e9rences. J&#8217;ai conscience des discriminations sociales qui existent, je les prends en compte, et cherche \u00e0 les exclure de &hellip; <a href=\"https:\/\/psychologue-pays-auray.bzh\/?page_id=21\">Continue reading <span class=\"meta-nav\">&rarr;<\/span><\/a><\/p>\n","protected":false},"author":1,"featured_media":0,"parent":0,"menu_order":4,"comment_status":"closed","ping_status":"closed","template":"","meta":[],"_links":{"self":[{"href":"https:\/\/psychologue-pays-auray.bzh\/index.php?rest_route=\/wp\/v2\/pages\/21"}],"collection":[{"href":"https:\/\/psychologue-pays-auray.bzh\/index.php?rest_route=\/wp\/v2\/pages"}],"about":[{"href":"https:\/\/psychologue-pays-auray.bzh\/index.php?rest_route=\/wp\/v2\/types\/page"}],"author":[{"embeddable":true,"href":"https:\/\/psychologue-pays-auray.bzh\/index.php?rest_route=\/wp\/v2\/users\/1"}],"replies":[{"embeddable":true,"href":"https:\/\/psychologue-pays-auray.bzh\/index.php?rest_route=%2Fwp%2Fv2%2Fcomments&post=21"}],"version-history":[{"count":2,"href":"https:\/\/psychologue-pays-auray.bzh\/index.php?rest_route=\/wp\/v2\/pages\/21\/revisions"}],"predecessor-version":[{"id":894,"href":"https:\/\/psychologue-pays-auray.bzh\/index.php?rest_route=\/wp\/v2\/pages\/21\/revisions\/894"}],"wp:attachment":[{"href":"https:\/\/psychologue-pays-auray.bzh\/index.php?rest_route=%2Fwp%2Fv2%2Fmedia&parent=21"}],"curies":[{"name":"wp","href":"https:\/\/api.w.org\/{rel}","templated":true}]}}