{"id":234,"date":"2011-09-14T10:55:18","date_gmt":"2011-09-14T10:55:18","guid":{"rendered":"http:\/\/psychologuesclichy92.wordpress.com\/?page_id=234"},"modified":"2025-05-08T08:31:27","modified_gmt":"2025-05-08T06:31:27","slug":"contact","status":"publish","type":"page","link":"https:\/\/psychologue-pays-auray.bzh\/?page_id=234","title":{"rendered":"Qui suis-je ?"},"content":{"rendered":"<h2><span style=\"color: #000000;\"><strong>Elise Blanc,\u00a0<\/strong><strong>Psychologue clinicienne\u00a0<\/strong><strong>&#8211;\u00a0<\/strong><b>Psychoth\u00e9rapeute<\/b><\/span><\/h2>\n<ul>\n<li><strong><span style=\"color: #000000;\">Dipl\u00f4m\u00e9e de l\u2019Ecole de Psychologues Praticiens de Paris.\u00a0<\/span><\/strong><\/li>\n<li><span style=\"color: #000000;\"><strong>D.U Pratiques de genre<\/strong> : Education, m\u00e9decine, psychanalyse et\u00a0 soci\u00e9t\u00e9 <strong>2015 Paris Diderot<\/strong><\/span><\/li>\n<li><span style=\"color: #000000;\"><strong>D.U Psycho-traumatologie<\/strong> &#8211; Criminologie <strong>2019 Paris-Descartes<\/strong><\/span><\/li>\n<li><span style=\"color: #000000;\"><strong>Certificat Europ\u00e9en de Psychoth\u00e9rapie<\/strong> (CEP) en Analyse Transactionnelle. <strong>2018<\/strong><\/span><\/li>\n<li><span style=\"color: #000000;\"><strong>Analyste transactionnelle CTA-P<\/strong> certifi\u00e9e par l&#8217;EATA (European Association for Transactional Analysis) <strong>2018 ATPsy Paris<\/strong><\/span><\/li>\n<li><span style=\"color: #000000;\"><strong>TIFT<\/strong> (traitement des traumatismes) <strong>2021 \u00a0Dr Janner Steffan<\/strong><\/span><\/li>\n<li><span style=\"color: #000000;\"><strong>EMDR<\/strong> (traitement des traumatismes) <strong>2016 Institut Fran\u00e7ais d&#8217;<span class=\"il\">EMDR<\/span><\/strong><\/span><\/li>\n<li><span style=\"color: #000000;\"><strong>ICV<\/strong> (Troubles anxieux \u2013 D\u00e9pression \u2013 Traumatismes \u2013 Troubles du comportement alimentaire \u2013 Addictions \u2013 Carences affectives, troubles de l\u2019attachement)<strong> 2019 Double Helice<\/strong><\/span><\/li>\n<li><span style=\"color: #000000;\"><strong>Th\u00e9orie Polyvagale 2021 Double Helice<\/strong><\/span><\/li>\n<\/ul>\n<p><strong style=\"color: var(--color-text); font-size: 1rem;\"><span style=\"color: #000000;\">T\u00e9l\u00e9phone : 06 20 66 44 40\u00a0 \u00a0<\/span><\/strong><\/p>\n<p><strong style=\"color: var(--color-text); font-size: 1rem;\"><span style=\"color: #000000;\">N\u00b0 Ad\u00e9li 569309933 num\u00e9ro RPPS est le 10008483660<\/span><\/strong><\/p>\n<div class=\"NFQFxe Hhmu2e viOShc LKPcQc mod\" lang=\"fr-FR\">\n<div class=\"Ftghae iirjIb DaSCDf\">\n<div class=\"SPZz6b\">\n<div class=\"IzNS7c duf-h\"><span style=\"color: #000000;\"><strong>Ma pratique est int\u00e9grative<\/strong>, elle s\u2019appuie sur diff\u00e9rentes m\u00e9thodes psycho-th\u00e9rapeutiques que j\u2019utilise en fonction des besoins de chacun.e.s. Elle repose entre autres sur :<\/span><\/div>\n<div>\u00a0<\/div>\n<div class=\"IzNS7c duf-h\">\n<ul>\n<li><span style=\"color: #000000;\"><strong>La psychoth\u00e9rapie humaniste. <\/strong>L&#8217;approche humaniste est un courant de la psychologie fond\u00e9 sur une vision positive de l&#8217;\u00eatre humain. C&#8217;est \u00e9galement un mod\u00e8le de psychoth\u00e9rapie qui s&#8217;appuie sur la tendance inn\u00e9e de la personne \u00e0 vouloir se r\u00e9aliser, c&#8217;est-\u00e0-dire \u00e0 mobiliser les forces de croissance psychologique et \u00e0 d\u00e9velopper son potentiel. C&#8217;est le courant de l&#8217;Analyse Transactionnelle.<\/span><\/li>\n<li><span style=\"color: #000000;\"><strong>La psychologie existentielle <\/strong>Elle se donne pour objectif de comprendre les repr\u00e9sentations, \u00e9motions, attitudes et comportements que les personnes d\u00e9veloppent face \u00e0 l&#8217;existence et aux perspectives de choix de vie. C&#8217;est le courant propos\u00e9 par Irvin Yalom.<\/span><\/li>\n<li><span style=\"color: #000000;\"><strong style=\"font-size: inherit;\">L\u2019attachement\u00a0et la r\u00e9gulation \u00e9motionnelle<\/strong> :<\/span>\n<ul>\n<li><span style=\"color: #000000;\">La th\u00e9orie de l&#8217;attachement est un champ de la psychologie qui traite d&#8217;un aspect sp\u00e9cifique des relations entre \u00eatres humains. Son principe de base est qu&#8217;un jeune enfant a besoin, pour conna\u00eetre un d\u00e9veloppement social et \u00e9motionnel normal, de d\u00e9velopper une relation d&#8217;attachement avec au moins une personne qui prend soin de lui de fa\u00e7on coh\u00e9rente et continue (\u00ab caregiver \u00bb). C&#8217;est dans ce sens qu&#8217;on peut dire que l&#8217;attachement est primordial pour l&#8217;\u00e9volution psychologique de l&#8217;enfant. Cette th\u00e9orie a \u00e9t\u00e9 formalis\u00e9e par le psychiatre et psychanalyste John Bowlby apr\u00e8s les travaux de Winnicott, Lorenz et Harlow.<\/span><\/li>\n<li><span style=\"color: #000000;\">Les recherches de la psychologue du d\u00e9veloppement Mary Ainsworth au cours des ann\u00e9es 1960 et 1970 ont donn\u00e9 un socle aux concepts de base, en introduisant la notion de base de s\u00e9curit\u00e9 et en d\u00e9veloppant la th\u00e9orie de l&#8217;existence de sch\u00e8mes d&#8217;attachement dans la petite enfance : attachement s\u00e9curis\u00e9, attachement anxieux et attachement \u00e9vitant ; un quatri\u00e8me sch\u00e8me, l&#8217;attachement d\u00e9sorganis\u00e9, a \u00e9t\u00e9 identifi\u00e9 plus tard.<\/span><\/li>\n<\/ul>\n<\/li>\n<\/ul>\n<ul>\n<li style=\"list-style-type: none;\">\n<ul>\n<li><span style=\"color: #000000;\">La r\u00e9gulation \u00e9motionnelle (ou contr\u00f4le \u00e9motionnel) est la capacit\u00e9 \u00e0 agir sur ses propres \u00e9motions. C&#8217;est un processus psychologique complexe qui recouvre \u00e0 la fois la capacit\u00e9 \u00e0 d\u00e9clencher, inhiber, maintenir ou moduler ses propres affects au sens large, ce qui inclut :<\/span>\n<ul>\n<li><span style=\"color: #000000;\">les sentiments subjectifs li\u00e9s aux \u00e9motions ;<\/span><\/li>\n<li><span style=\"color: #000000;\">certains processus cognitifs (par exemple, un souvenir post-traumatique)<\/span><\/li>\n<li><span style=\"color: #000000;\">certains processus physiologiques (par exemple, le rythme cardiaque)<\/span><\/li>\n<li><span style=\"color: #000000;\">certains comportements (par exemple, le rire).<\/span><\/li>\n<\/ul>\n<\/li>\n<\/ul>\n<\/li>\n<\/ul>\n<ul>\n<li><span style=\"color: #000000;\"><strong style=\"font-size: inherit;\">La syst\u00e9mie, la psycho-g\u00e9n\u00e9alogie, la relaxation, la respiration, l&#8217;art th\u00e9rapie, la sexologie sont diff\u00e9rentes approches pouvant \u00eatre utilis\u00e9es lors de la th\u00e9rapie<\/strong><\/span><\/li>\n<\/ul>\n<\/div>\n<\/div>\n<\/div>\n<\/div>\n<div>\u00a0<\/div>\n<div class=\"NFQFxe Hhmu2e viOShc LKPcQc mod\" lang=\"fr-FR\">\n<div class=\"Ftghae iirjIb DaSCDf\">\n<div class=\"SPZz6b\">\n<div class=\"IzNS7c duf-h\">\n<div class=\"QqG1Sd\"><span style=\"color: #000000;\"><strong style=\"font-size: 1rem;\">Articles<\/strong><span style=\"font-size: 1rem;\"> :<\/span><\/span><\/div>\n<\/div>\n<\/div>\n<\/div>\n<\/div>\n<p><span style=\"color: #000000;\"><a style=\"color: #000000;\" href=\"http:\/\/www.cairn.info\/revue-actualites-en-analyse-transactionnelle-2017-2-page-3.htm\" target=\"_blank\" rel=\"noopener noreferrer\">Le genre : regards de psys<\/a><\/span><\/p>\n<p><span style=\"color: #000000;\"><strong>R\u00e9sum\u00e9\u00a0<\/strong><\/span><\/p>\n<p><span style=\"color: #000000;\">&#8220;Utiliser le genre comme outil d\u2019analyse peut permettre au th\u00e9rapeute de regarder le monde comme un Martien \u00bb : \u00c9lise Blanc nous invite \u00e0 nous emparer d\u2019un concept sociologique pour enrichir notre Parent culturel et ouvrir notre cadre de r\u00e9f\u00e9rence de psy sur la complexit\u00e9 de la construction d\u2019une identit\u00e9 sexu\u00e9e. Elle fait appel aux d\u00e9finitions de diff\u00e9rents auteurs tels que Robert Stoller, Joan Wallach Scott, Vincent Bourseul. Elle aborde de mani\u00e8re historique le regard de la psychanalyse sur ce concept. Tout particuli\u00e8rement, elle l\u00e8ve le voile sur un aspect m\u00e9connu de Freud souvent pr\u00e9sent\u00e9 comme misogyne&#8221;. F.H.<\/span><\/p>\n<p><span style=\"color: #000000;\"><a style=\"color: #000000;\" href=\"http:\/\/www.cairn.info\/revue-actualites-en-analyse-transactionnelle-2017-2-page-19.htm\" target=\"_blank\" rel=\"noopener noreferrer\">Comment le genre s\u2019invite dans nos cabinets<\/a><\/span><\/p>\n<p><span style=\"color: #000000;\"><strong>R\u00e9sum\u00e9\u00a0<\/strong><\/span><\/p>\n<p>&#8220;Cet article s\u2019appuie sur les aspects th\u00e9oriques d\u00e9velopp\u00e9s dans la premi\u00e8re partie : \u00ab Le genre, regard de psy \u00bb paru dans ce m\u00eame num\u00e9ro. \u00ab Il s\u2019agit de construire une posture de th\u00e9rapeute martien capable d\u2019\u00e9couter et de comprendre nos patients dans des zones rest\u00e9es jusqu\u2019\u00e0 pr\u00e9sent invisibles \u00bb, \u00e9crit \u00c9lise Blanc \u00e0 la fin de cette premi\u00e8re partie. Cette posture est ici largement interrog\u00e9e et analys\u00e9e \u00e0 l\u2019aide de concepts d\u2019analyse transactionnelle. O\u00f9 mettre le curseur entre le sain, le pathologique et la norme ? Comment respecter la demande du patient en laissant de c\u00f4t\u00e9 nos pr\u00e9jug\u00e9s et croyances ? Comment concilier vis\u00e9e th\u00e9rapeutique et \u00e9thique ? Une vignette clinique enrichit notre r\u00e9flexion d\u00e9j\u00e0 bien sollicit\u00e9e par le contenu de cet \u00e9crit.&#8221; F.H.<\/p>\n<h5><a href=\"https:\/\/www.cairn.info\/revue-actualites-en-analyse-transactionnelle-2018-4-page-68.htm\" target=\"_blank\" rel=\"noopener noreferrer\">Article sur l\u2019accompagnement d&#8217;une GPA<\/a><\/h5>\n<h3><span style=\"color: #000000;\"><strong>\u00a0R\u00e9sum\u00e9<\/strong><\/span><\/h3>\n<p>Un renvoi aux archa\u00efsmes et aux questions fondamentales des\u00a0origines, de la vie et de la mort<\/p>\n<h3 style=\"text-align: center;\">\u00a0<\/h3>\n\n\n<figure class=\"wp-block-image\"><img alt=\"\"\/><\/figure>\n\n\n\n<p><\/p>\n","protected":false},"excerpt":{"rendered":"<p>Elise Blanc,\u00a0Psychologue clinicienne\u00a0&#8211;\u00a0Psychoth\u00e9rapeute Dipl\u00f4m\u00e9e de l\u2019Ecole de Psychologues Praticiens de Paris.\u00a0 D.U Pratiques de genre : Education, m\u00e9decine, psychanalyse et\u00a0 soci\u00e9t\u00e9 2015 Paris Diderot D.U Psycho-traumatologie &#8211; Criminologie 2019 Paris-Descartes Certificat Europ\u00e9en de Psychoth\u00e9rapie (CEP) en Analyse Transactionnelle. 2018 Analyste &hellip; <a href=\"https:\/\/psychologue-pays-auray.bzh\/?page_id=234\">Continue reading <span class=\"meta-nav\">&rarr;<\/span><\/a><\/p>\n","protected":false},"author":1,"featured_media":0,"parent":0,"menu_order":6,"comment_status":"closed","ping_status":"closed","template":"","meta":[],"_links":{"self":[{"href":"https:\/\/psychologue-pays-auray.bzh\/index.php?rest_route=\/wp\/v2\/pages\/234"}],"collection":[{"href":"https:\/\/psychologue-pays-auray.bzh\/index.php?rest_route=\/wp\/v2\/pages"}],"about":[{"href":"https:\/\/psychologue-pays-auray.bzh\/index.php?rest_route=\/wp\/v2\/types\/page"}],"author":[{"embeddable":true,"href":"https:\/\/psychologue-pays-auray.bzh\/index.php?rest_route=\/wp\/v2\/users\/1"}],"replies":[{"embeddable":true,"href":"https:\/\/psychologue-pays-auray.bzh\/index.php?rest_route=%2Fwp%2Fv2%2Fcomments&post=234"}],"version-history":[{"count":12,"href":"https:\/\/psychologue-pays-auray.bzh\/index.php?rest_route=\/wp\/v2\/pages\/234\/revisions"}],"predecessor-version":[{"id":898,"href":"https:\/\/psychologue-pays-auray.bzh\/index.php?rest_route=\/wp\/v2\/pages\/234\/revisions\/898"}],"wp:attachment":[{"href":"https:\/\/psychologue-pays-auray.bzh\/index.php?rest_route=%2Fwp%2Fv2%2Fmedia&parent=234"}],"curies":[{"name":"wp","href":"https:\/\/api.w.org\/{rel}","templated":true}]}}