{"id":70,"date":"2011-07-09T07:07:23","date_gmt":"2011-07-09T07:07:23","guid":{"rendered":"http:\/\/psychologuesclichy92.wordpress.com\/?page_id=70"},"modified":"2025-05-08T07:11:15","modified_gmt":"2025-05-08T05:11:15","slug":"les-differents-psy-2","status":"publish","type":"page","link":"https:\/\/psychologue-pays-auray.bzh\/?page_id=70","title":{"rendered":"Les diff\u00e9rents psy&#8230;"},"content":{"rendered":"<h2 style=\"text-align: justify;\"><strong>Le psychologue<\/strong><strong> clinicien<\/strong><strong>\u00a0<\/strong><\/h2>\n<p style=\"text-align: justify;\">Le psychologue est titulaire d\u2019un master 2 en psychologie ou a obtenu le dipl\u00f4me\u00a0de l\u2019Ecole de\u00a0Psychologues Praticiens avec mention &#8220;Psychopathologie Clinique&#8221; d\u00e9livr\u00e9 apr\u00e8s un minimum de cinq ann\u00e9es d\u2019\u00e9tudes, des stages\u00a0professionnels en institution et la r\u00e9daction d\u2019un m\u00e9moire de recherche clinique.\u00a0Il a une connaissance approfondie des maladies psychiques. Il aide au diagnostic par sa ma\u00eetrise des tests psychologiques (\u00e9valuation des capacit\u00e9s intellectuelles, tests de personnalit\u00e9 et tests projectifs). Il est form\u00e9 \u00e0 l\u2019entretien\u00a0clinique, \u00e0 l\u2019\u00e9coute et au soutien.<\/p>\n<p style=\"text-align: justify;\">S\u2019il a suivi une formation sp\u00e9cifique, il peut \u00eatre\u00a0psychanalyste et\/ou psychoth\u00e9rapeute.<\/p>\n<p><strong>Le psychologue \u00e0 un num\u00e9ro d&#8217;inscription au RPPS (r\u00e9pertoire partag\u00e9 des professionel de sant\u00e9) d\u00e9livr\u00e9 par l&#8217; ARS ( Agence R\u00e9gionale de Sant\u00e9)<\/strong><\/p>\n<h2><strong>Le psychoth\u00e9rapeute<\/strong><\/h2>\n<p style=\"text-align: justify;\">Depuis le 22 mai 2010 (modifi\u00e9 le 9 mai 2012)<span style=\"line-height: 1.5;\">\u00a0,\u00a0date de parution du\u00a0d\u00e9cret en conseil d\u2019Etat 2010-534\u00a0r\u00e9glementant l\u2019usage du titre de psychoth\u00e9rapeute, l\u2019usage du titre de\u00a0psychoth\u00e9rapeute\u00a0est r\u00e9serv\u00e9 aux professionnels inscrits sur une liste d\u00e9partementale. L&#8217;inscription est obligatoire avant toute utilisation du titre professionnel.<\/span><\/p>\n<p><strong>Si sa formation est reconnue, le psychoth\u00e9rapeute \u00e0 un\u00a0 num\u00e9ro d&#8217;inscription, au RPPS (ancienement Ad\u00e9lie)<\/strong><\/p>\n<p><strong>Il existe un Certificat Europ\u00e9en de Psychoth\u00e9rapie<\/strong> (CEP), qui valide un parcours de formation selon des crit\u00e8res tr\u00e8s pr\u00e9cis (heures de formations, de supervisions, de th\u00e9rapie personnelle&#8230;) 557 personnes \u00e0 ce jour sont r\u00e9f\u00e9renc\u00e9es \u00e0 la <strong><a href=\"http:\/\/www.ff2p.fr\/fichiers_site\/registre\/registre_cep\/registre_cep_corps.php\" target=\"_blank\" rel=\"noopener noreferrer\">FF2P<\/a><\/strong><\/p>\n<p><strong>Psych\u00e9 ranim\u00e9e par le baiser de l&#8217;Amour<\/strong><\/p>\n<p>\u00ab\u00a0<em>Comprendre avec le patient le sens parfois apparemment absurde de tel ou tel comportement, de telle r\u00e9flexion ou de telle attitude, d\u00e9couvrir le sens cach\u00e9 de t<\/em><em>el ou tel sympt\u00f4me et en d\u00e9couvrir la finalit\u00e9 avec lui va col<\/em><em><img loading=\"lazy\" class=\"  wp-image-572 alignright\" src=\"http:\/\/psychologue-pays-auray.bzh\/wp-content\/uploads\/2017\/10\/baiser.png\" alt=\"baiser\" width=\"197\" height=\"263\" \/><\/em><em>orer autrement l\u2019approche th\u00e9rapeutique en l\u2019humanisant.<\/em>\u00a0 <em>L\u2019acceptation de l\u2019existence d\u2019un inconscient dynamique et \u00e9volutif\u00a0<\/em>permet au soignant de ne pas enfermer son patient dans des cases ou dans des sous-cat\u00e9gories st\u00e9riles. Le th\u00e9rapeute aide son patient par <em>sa profonde humanit\u00e9, sa richesse de c\u0153ur et sa propre analyse rigoureuse et constante de ses affects et ses zones d\u2019ombre(&#8230;). <\/em><\/p>\n<p><em>Eros embrassant Psych\u00e9, un intellectuel nourri d\u2019amour permet cette gageure.<\/em>&#8220;<\/p>\n<h2><strong>Le psycho-praticien<\/strong><\/h2>\n<p style=\"text-align: justify;\">Le psycho-praticien a suivi l\u2019enseignement d\u2019une \u00e9cole de psychoth\u00e9rapie et\u00a0effectu\u00e9 un travail personnel correspondant aux r\u00e9f\u00e9rences th\u00e9oriques de cette \u00e9cole.\u00a0Il existe de nombreux types de th\u00e9rapies diff\u00e9rentes. Par\u00a0\u00a0ordre chronologique\u00a0:<\/p>\n<ul style=\"color: #444444;\">\n<li>L\u2019hypnose (M.Erikson).<\/li>\n<li>Les psychanalyses et th\u00e9rapie psychanalytique (S. Freud, J. Lacan, C. Jung, M. Klein, D. Winnicott\u2026).<\/li>\n<li>Les th\u00e9rapies psychocorporelles et \u00e9motionnelles (W. Reich). Les techniques d\u00e9riv\u00e9es sont la bio\u00e9nergie, l\u2019analyse primale et la biodynamique.<\/li>\n<li>Les th\u00e9rapies existentielles (L. Binswanger, C. Roger, R. Laing).<\/li>\n<li>Les th\u00e9rapies comportementales et cognitives (TCC). Elles s\u2019appuient sur la psychologie exp\u00e9rimentale, et notamment sur les\u00a0th\u00e9ories du conditionnement et de l\u2019apprentissage.<\/li>\n<li>Les techniques de relaxation (training autog\u00e8ne, r\u00e9gulation du tonus musculaire, sophrologie, m\u00e9ditation).<\/li>\n<li>Les th\u00e9rapies de la communication (analyse transactionnelle, gestalt-th\u00e9rapie, th\u00e9rapie syst\u00e9mique, PNL\u2026).<strong> L\u2019Analyse Transactionnelle r\u00e9sulte de la rencontre entre la psychanalyse et des th\u00e9ories de la communication. Elle est centr\u00e9e sur l\u2019aspect relationnel et la communication en essayant d\u2019agir sur les freins, les blocages, les distorsions, et les jeux pathologiques.<\/strong><\/li>\n<li>Il existe\u00a0 diff\u00e9rents types de pratiques et de modalit\u00e9s pratiques, notamment par le cadre instaur\u00e9 par le th\u00e9rapeute.<\/li>\n<\/ul>\n<p>Certains courants ont mis en place des certifications, avec comme pour l&#8217;Analyse transactionnelle une reconnaissance europ\u00e9enne (<strong><a href=\"http:\/\/www.ff2p.fr\/fichiers_site\/la_ff2p\/la_ff2p.html#cep\" target=\"_blank\" rel=\"noopener noreferrer\">CEP<\/a><\/strong>) et mondiale via l\u2019EATA (European Association for Transactional Analysis)<\/p>\n<p>Depuis 2018, la <strong><span style=\"color: var(--color-text);\"><a href=\"http:\/\/www.ff2p.fr\/fichiers_site\/la_ff2p\/la_ff2p.html#presentation\" target=\"_blank\" rel=\"noopener noreferrer\">FF2P<\/a> a mis en place un titre de <\/span><\/strong><strong>Psycho-praticienne validant le cursus propos\u00e9 par certaines \u00e9coles et intstitutions<\/strong><\/p>\n<p style=\"text-align: justify;\">D\u2019une mani\u00e8re g\u00e9n\u00e9rale, les psychoth\u00e9rapies sont plus limit\u00e9es dans le temps que la cure psychanalytique et les interventions du praticien plus fr\u00e9quentes lors des s\u00e9ances.<\/p>\n<h2><strong>Le psychanalyste<\/strong><\/h2>\n<p style=\"text-align: justify;\">Le psychanalyste a fait l\u2019exp\u00e9rience d\u2019une psychanalyse\u00a0 et a suivi une\u00a0formation\u00a0dispens\u00e9e par une \u00e9cole reconnue. Cependant, pour l\u2019instant, aucun\u00a0texte de loi ne prot\u00e8ge cette fonction.<\/p>\n<h2><strong>Le psychiatre<\/strong><\/h2>\n<p>Le psychiatre est un m\u00e9decin sp\u00e9cialis\u00e9 en psychiatrie. Il a une connaissance approfondie des maladies psychiques. Il pose le diagnostic et peut prescrire des m\u00e9dicaments tels que les antid\u00e9presseurs, les anxiolytiques, ou les neuroleptiques.<\/p>\n<h6>* Psychopathologie,\u00a0Manuel \u00e0 l\u2019usage du m\u00e9decin et du psychoth\u00e9rapeute Michel Delbrouck, \u00e9dition\u00a0De Boeck Sup\u00e9rieur,\u00a0 Bruxelless, 2013 2e \u00e9dition p45-46<\/h6>\n<h3 style=\"text-align: center;\">\u00a0<\/h3>\n\n\n<p><\/p>\n","protected":false},"excerpt":{"rendered":"<p>Le psychologue clinicien\u00a0 Le psychologue est titulaire d\u2019un master 2 en psychologie ou a obtenu le dipl\u00f4me\u00a0de l\u2019Ecole de\u00a0Psychologues Praticiens avec mention &#8220;Psychopathologie Clinique&#8221; d\u00e9livr\u00e9 apr\u00e8s un minimum de cinq ann\u00e9es d\u2019\u00e9tudes, des stages\u00a0professionnels en institution et la r\u00e9daction d\u2019un &hellip; <a href=\"https:\/\/psychologue-pays-auray.bzh\/?page_id=70\">Continue reading <span class=\"meta-nav\">&rarr;<\/span><\/a><\/p>\n","protected":false},"author":1,"featured_media":0,"parent":0,"menu_order":0,"comment_status":"closed","ping_status":"closed","template":"","meta":[],"_links":{"self":[{"href":"https:\/\/psychologue-pays-auray.bzh\/index.php?rest_route=\/wp\/v2\/pages\/70"}],"collection":[{"href":"https:\/\/psychologue-pays-auray.bzh\/index.php?rest_route=\/wp\/v2\/pages"}],"about":[{"href":"https:\/\/psychologue-pays-auray.bzh\/index.php?rest_route=\/wp\/v2\/types\/page"}],"author":[{"embeddable":true,"href":"https:\/\/psychologue-pays-auray.bzh\/index.php?rest_route=\/wp\/v2\/users\/1"}],"replies":[{"embeddable":true,"href":"https:\/\/psychologue-pays-auray.bzh\/index.php?rest_route=%2Fwp%2Fv2%2Fcomments&post=70"}],"version-history":[{"count":2,"href":"https:\/\/psychologue-pays-auray.bzh\/index.php?rest_route=\/wp\/v2\/pages\/70\/revisions"}],"predecessor-version":[{"id":886,"href":"https:\/\/psychologue-pays-auray.bzh\/index.php?rest_route=\/wp\/v2\/pages\/70\/revisions\/886"}],"wp:attachment":[{"href":"https:\/\/psychologue-pays-auray.bzh\/index.php?rest_route=%2Fwp%2Fv2%2Fmedia&parent=70"}],"curies":[{"name":"wp","href":"https:\/\/api.w.org\/{rel}","templated":true}]}}